{"id":701,"date":"2023-09-21T21:47:08","date_gmt":"2023-09-21T21:47:08","guid":{"rendered":"https:\/\/lordofthedices.de\/?page_id=701"},"modified":"2023-09-21T21:47:10","modified_gmt":"2023-09-21T21:47:10","slug":"der-polyfeder-verlag","status":"publish","type":"page","link":"https:\/\/lordofthedices.de\/?page_id=701","title":{"rendered":"der PolyFeder Verlag"},"content":{"rendered":"\n<p>Ach ja&#8230; warum noch ein Rollenspiel-Verlag?<\/p>\n\n\n\n<p>Diese Frage habe ich h\u00e4ufig geh\u00f6rt. Die Antwort ist gleichsam eitel, wie altruistisch. Weil es Dinge gibt, die ich ver\u00f6ffentlicht sehen m\u00f6chte!<\/p>\n\n\n\n<p>Dazu geh\u00f6ren Herzensprojekte meiner Mitstreiter &#8211; ich sage absichtlich nicht Mitarbeiter. Der eigene Roman, das eigene System oder Supplement, das allein sind doch nachvollziehbare Gr\u00fcnde. Bei den gro\u00dfen Verlagen geht das nicht. Hier werden gro\u00dfe Franchise gepflegt &#8211; und das ist gut so, denn sie sind das R\u00fcckgrat der Szene. Dann gibt es auch die Verlage der zweiten Reihe, die ihre Spartensysteme pflegen und kultivieren. Auch sie sind wichtig, denn sie halten die alten Hasen, die Sammler und Liebhaber bei Laune.<\/p>\n\n\n\n<p>Und es gibt eine Menge Fan Content, von spontanen, undurchdachten Ideen bis zu ausgearbeiteten Settings und Kampagnen, vom Schreibfehlerverseuchten Arial-Einheits-Dokument bis zum high polished Farb-PDF, von zug\u00e4nglich bis verkopft.<\/p>\n\n\n\n<p>Wir wollen dazwischen sein. Wir wollen neue, unverbrauchte Settings, Systeme, Ideen f\u00fcr eine gr\u00f6\u00dfere Menge Rezipienten zug\u00e4nglich machen. Und zwar mit qualitativem \u00c4u\u00dferen ohne \u00fcberproduziert zu wirken, mit Inhalten statt Metallkante und Ledereinband, mit Inhalt statt Einheitsware aus reproduzierten Standard-Tropen, mit Herz statt Verstand.<\/p>\n\n\n\n<p>Unsere Produkte sind immer an der wirtschaftlichen Schmerzgrenze, denn es ist uns wichtiger, dass etwas ver\u00f6ffentlicht wird, als dass es Geld in die Kasse sp\u00fclt.<\/p>\n\n\n\n<p>Ach, speaking of Geld: Wir sind die Piraten unter den Verlagen. Flache Hierarchie, jede Arbeit hat den selben Wert und wir sitzen immer in einem Boot. Outsourcing gibt es nicht. Du bist dabei, wenn du dabei bist. Teil der Mannschaft, Teil des Schiffes!<\/p>\n","protected":false},"excerpt":{"rendered":"<div class=\"entry-summary\">\nAch ja&#8230; warum noch ein Rollenspiel-Verlag? Diese Frage habe ich h\u00e4ufig geh\u00f6rt. Die Antwort ist gleichsam eitel, wie altruistisch. Weil&hellip;\n<\/div>\n<div class=\"link-more\"><a href=\"https:\/\/lordofthedices.de\/?page_id=701\" class=\"more-link\">Continue reading<span class=\"screen-reader-text\"> &ldquo;der PolyFeder Verlag&rdquo;<\/span>&hellip;<\/a><\/div>\n","protected":false},"author":1,"featured_media":0,"parent":0,"menu_order":0,"comment_status":"closed","ping_status":"closed","template":"","meta":{"_acf_changed":false,"footnotes":""},"class_list":["post-701","page","type-page","status-publish","hentry","entry"],"acf":[],"jetpack-related-posts":[],"jetpack_sharing_enabled":true,"_links":{"self":[{"href":"https:\/\/lordofthedices.de\/index.php?rest_route=\/wp\/v2\/pages\/701","targetHints":{"allow":["GET"]}}],"collection":[{"href":"https:\/\/lordofthedices.de\/index.php?rest_route=\/wp\/v2\/pages"}],"about":[{"href":"https:\/\/lordofthedices.de\/index.php?rest_route=\/wp\/v2\/types\/page"}],"author":[{"embeddable":true,"href":"https:\/\/lordofthedices.de\/index.php?rest_route=\/wp\/v2\/users\/1"}],"replies":[{"embeddable":true,"href":"https:\/\/lordofthedices.de\/index.php?rest_route=%2Fwp%2Fv2%2Fcomments&post=701"}],"version-history":[{"count":1,"href":"https:\/\/lordofthedices.de\/index.php?rest_route=\/wp\/v2\/pages\/701\/revisions"}],"predecessor-version":[{"id":702,"href":"https:\/\/lordofthedices.de\/index.php?rest_route=\/wp\/v2\/pages\/701\/revisions\/702"}],"wp:attachment":[{"href":"https:\/\/lordofthedices.de\/index.php?rest_route=%2Fwp%2Fv2%2Fmedia&parent=701"}],"curies":[{"name":"wp","href":"https:\/\/api.w.org\/{rel}","templated":true}]}}