{"id":52,"date":"2021-08-05T15:24:40","date_gmt":"2021-08-05T15:24:40","guid":{"rendered":"http:\/\/lordofthedices.de\/?page_id=52"},"modified":"2022-07-29T14:54:22","modified_gmt":"2022-07-29T14:54:22","slug":"system-sirosys","status":"publish","type":"page","link":"https:\/\/lordofthedices.de\/?page_id=52","title":{"rendered":"System &#8222;Sirosys&#8220;"},"content":{"rendered":"\n<p>Wie so ziemlich jeder Rollenspieler hatte auch ich den Drang, die Welt des Rollenspiels dauerhaft zu verbessern. Diesem Drang entspringt mein eigenes Rollenspielsystem.<\/p>\n\n\n\n<p>Bereits 2004 hatte ich die erste Version zu Papier gebracht<sub>1<\/sub> &#8211; und dabei im Versuch alles wasserdicht zu gestalten einen Moloch geschaffen. Zu meiner Verteidigung: monsterhaft umfangreiche Regelwerke waren zu diesem Zeitpunkt en vogue!<\/p>\n\n\n\n<p class=\"has-black-color has-text-color\">Inzwischen ist das Regelwerk deutlich verschlankt und mit neuem Arbeitstitel Sirosys f\u00fcr SImples ROllenspielSYStem versehen worden.<\/p>\n\n\n\n<p>Was macht Sirosys aus?<\/p>\n\n\n\n<ol class=\"wp-block-list\"><li>ein konsistenter Mechanismus f\u00fcr alle Mali, ob sie nun aus Verletzungen, dauerhaften oder tempor\u00e4ren Einschr\u00e4nkungen der Spielfigur herr\u00fchren<\/li><li>Sirosys macht Schluss mit dem Herunterpr\u00fcgeln der Lebenspunkte. Jeder Wirkungstreffer schr\u00e4nkt den Charakter sofort ein und das ohne Rechnungen und ohne buchhalterisch Zust\u00e4nde mitzuf\u00fchren<\/li><li>Size matters! Statt der quirligen Fee exorbitante Ausweichenwerte zu geben und den Drachenangriff t\u00f6dlich hochzuschrauben, modellieren die W\u00fcrfel selbst die Gr\u00f6\u00dfenverh\u00e4ltnisse<\/li><li>Zwei unterschiedlich m\u00e4chtige Werkzeuge des Player Empowerment kommen zum Einsatz. Eines ver\u00e4ndert W\u00fcrfelergebnisse und gleicht nur W\u00fcrfelpech aus, das andere greift auf legend\u00e4re Weise in das Spiel, die Welt und die Geschichte ein.<\/li><li>Du brauchst nur Werte f\u00fcr Elemente, die du einsetzen m\u00f6chtest. Du kannst das System auf alle Settings und alle technologische Entwicklungsstufen anpassen<\/li><\/ol>\n\n\n\n<p class=\"has-small-font-size\">1: damals w\u00e4hlte ich lange vor der &#8222;Old School Renaissance&#8220; den Titel &#8222;ARS ludis&#8220;, wobei ARS f\u00fcr allgemeines Rollenspielsystem stand. Dass aber sp\u00e4ter die OSR die Abk\u00fcrzung mit den Sinn des AbenteuerRollenSpiels neu belegte, hat mir den Namen nat\u00fcrlich verhagelt.<\/p>\n","protected":false},"excerpt":{"rendered":"<div class=\"entry-summary\">\nWie so ziemlich jeder Rollenspieler hatte auch ich den Drang, die Welt des Rollenspiels dauerhaft zu verbessern. Diesem Drang entspringt&hellip;\n<\/div>\n<div class=\"link-more\"><a href=\"https:\/\/lordofthedices.de\/?page_id=52\" class=\"more-link\">Continue reading<span class=\"screen-reader-text\"> &ldquo;System &#8222;Sirosys&#8220;&rdquo;<\/span>&hellip;<\/a><\/div>\n","protected":false},"author":1,"featured_media":0,"parent":0,"menu_order":0,"comment_status":"closed","ping_status":"closed","template":"","meta":{"_acf_changed":false,"footnotes":""},"class_list":["post-52","page","type-page","status-publish","hentry","entry"],"acf":[],"jetpack-related-posts":[],"jetpack_sharing_enabled":true,"_links":{"self":[{"href":"https:\/\/lordofthedices.de\/index.php?rest_route=\/wp\/v2\/pages\/52","targetHints":{"allow":["GET"]}}],"collection":[{"href":"https:\/\/lordofthedices.de\/index.php?rest_route=\/wp\/v2\/pages"}],"about":[{"href":"https:\/\/lordofthedices.de\/index.php?rest_route=\/wp\/v2\/types\/page"}],"author":[{"embeddable":true,"href":"https:\/\/lordofthedices.de\/index.php?rest_route=\/wp\/v2\/users\/1"}],"replies":[{"embeddable":true,"href":"https:\/\/lordofthedices.de\/index.php?rest_route=%2Fwp%2Fv2%2Fcomments&post=52"}],"version-history":[{"count":3,"href":"https:\/\/lordofthedices.de\/index.php?rest_route=\/wp\/v2\/pages\/52\/revisions"}],"predecessor-version":[{"id":477,"href":"https:\/\/lordofthedices.de\/index.php?rest_route=\/wp\/v2\/pages\/52\/revisions\/477"}],"wp:attachment":[{"href":"https:\/\/lordofthedices.de\/index.php?rest_route=%2Fwp%2Fv2%2Fmedia&parent=52"}],"curies":[{"name":"wp","href":"https:\/\/api.w.org\/{rel}","templated":true}]}}