{"id":51,"date":"2021-08-05T15:24:40","date_gmt":"2021-08-05T15:24:40","guid":{"rendered":"http:\/\/lordofthedices.de\/?page_id=51"},"modified":"2021-08-06T10:34:54","modified_gmt":"2021-08-06T10:34:54","slug":"setting-erwachte-welten","status":"publish","type":"page","link":"https:\/\/lordofthedices.de\/?page_id=51","title":{"rendered":"Setting &#8222;erwachte Welten&#8220;"},"content":{"rendered":"\n<p>In der Fantasy beschreiben wir oft eine fiktive Fanttelalter-Welt (Mischung aus Fantasy und Mittelalter) mit magischen Elementen, die aus welchem Grund auch immer schon immer zu dieser Welt geh\u00f6rt haben.<br>Die Science Fiction dagegen denkt eine existierende Welt weiter, angereichert von fiktiven, technologischen und gesellschaftlichen Entwicklungen.<br>Die erwachten Welten dagegen denken ab einem Punkt in der Vergangenheit nach, lange vor der Entdeckung von Elektrik, Dampfmaschine, Sprengpulver und Demokratie. Um das Jahr 0 herum bekommt die Menschheit die Magie geschenkt. Arkankutschen, Schutzzauber und Lichtkristalle machen andere Entwicklungen obsolet. Das m\u00e4chtige romanische Reich &#8211; wieder vereint unter dem wiedergeborener Gaius Iulius Caesar &#8211; versucht mit Golem und gepanzerten Arkankutschen die freien V\u00f6lker zu unterwerfen und ben\u00f6tigt in seinem Expansionsdrang alle arkanen Ressourcen. Auf der Avalonischen Insel tobt der Konflikt zwischen den Attacoti aus dem Reich des Schattens und den Anh\u00e4ngern Merlins, die mit den Lichtgeborenen im Bund sind. Davon unbehelligt brechen die freiheitsliebenden Viking des hohen Nordens mit ihren Draken auf zu Expeditionen durch das Sternenmeer. All dies auf nur einem kleinen Kontinent. Im Osten sprechen die Legenden von St\u00e4dten aus Gold und Kristall, fliegenden Teppichen und m\u00e4chtigen Dschinnen. Noch unbegreiflicher und gr\u00f6\u00dftenteils unbekannt sind die M\u00e4chte des brennenden Kontinentes im S\u00fcden, an dessen K\u00fcste die romanischen Soldaten einen erbitterten Kampf gegen Sand, Hitze und die Bewohner der W\u00fcste ausfechten.<\/p>\n","protected":false},"excerpt":{"rendered":"<div class=\"entry-summary\">\nIn der Fantasy beschreiben wir oft eine fiktive Fanttelalter-Welt (Mischung aus Fantasy und Mittelalter) mit magischen Elementen, die aus welchem&hellip;\n<\/div>\n<div class=\"link-more\"><a href=\"https:\/\/lordofthedices.de\/?page_id=51\" class=\"more-link\">Continue reading<span class=\"screen-reader-text\"> &ldquo;Setting &#8222;erwachte Welten&#8220;&rdquo;<\/span>&hellip;<\/a><\/div>\n","protected":false},"author":1,"featured_media":0,"parent":0,"menu_order":0,"comment_status":"closed","ping_status":"closed","template":"","meta":{"_acf_changed":false,"footnotes":""},"class_list":["post-51","page","type-page","status-publish","hentry","entry"],"acf":[],"jetpack-related-posts":[],"jetpack_sharing_enabled":true,"_links":{"self":[{"href":"https:\/\/lordofthedices.de\/index.php?rest_route=\/wp\/v2\/pages\/51","targetHints":{"allow":["GET"]}}],"collection":[{"href":"https:\/\/lordofthedices.de\/index.php?rest_route=\/wp\/v2\/pages"}],"about":[{"href":"https:\/\/lordofthedices.de\/index.php?rest_route=\/wp\/v2\/types\/page"}],"author":[{"embeddable":true,"href":"https:\/\/lordofthedices.de\/index.php?rest_route=\/wp\/v2\/users\/1"}],"replies":[{"embeddable":true,"href":"https:\/\/lordofthedices.de\/index.php?rest_route=%2Fwp%2Fv2%2Fcomments&post=51"}],"version-history":[{"count":2,"href":"https:\/\/lordofthedices.de\/index.php?rest_route=\/wp\/v2\/pages\/51\/revisions"}],"predecessor-version":[{"id":101,"href":"https:\/\/lordofthedices.de\/index.php?rest_route=\/wp\/v2\/pages\/51\/revisions\/101"}],"wp:attachment":[{"href":"https:\/\/lordofthedices.de\/index.php?rest_route=%2Fwp%2Fv2%2Fmedia&parent=51"}],"curies":[{"name":"wp","href":"https:\/\/api.w.org\/{rel}","templated":true}]}}