{"id":49,"date":"2021-08-05T15:24:40","date_gmt":"2021-08-05T15:24:40","guid":{"rendered":"http:\/\/lordofthedices.de\/?page_id=49"},"modified":"2021-10-25T08:57:11","modified_gmt":"2021-10-25T08:57:11","slug":"podcast-schattenlaeufer","status":"publish","type":"page","link":"https:\/\/lordofthedices.de\/?page_id=49","title":{"rendered":"Podcast Schattenl\u00e4ufer"},"content":{"rendered":"\n<p>&#8222;Schattenl\u00e4ufer&#8220; ist mein Podcast zum Thema Shadowrun. Nach meinem aktuellen Kenntnisstand ist der Schattenl\u00e4ufer der einzige, deutschsprachige Podcast zum Thema Shadowrun.<\/p>\n\n\n\n<p>In w\u00f6chentlicher Taktung werde ich hier Themen durchkauen, die immer irgendwie Bezug zu Shadowrun haben. Zuk\u00fcnftige Folgen sollen dabei unter anderem zum Inhalt haben<\/p>\n\n\n\n<ul class=\"wp-block-list\"><li>der aktuelle Metaplot sein<\/li><li>die Regeln (Stand 2021 ist das Version 6)<\/li><li>Anekdoten aus dem Spiel<\/li><li>Management bestimmter Situationen<\/li><li>Spezifika der Spielleitung in Shadowrun und so weiter.<\/li><\/ul>\n\n\n\n<p>Dabei darf gerne der Blick \u00fcber den Tellerrand erfolgen. Ich m\u00f6chte Unterschiede und Gemeinsamkeiten zu anderen Systemen aufzeigen, sei es im Setting oder im Regelwerk. Zumeist bleibe ich dabei auf meiner Wolke des Spielleiters sitzen &#8211; leider habe ich selten selbst Gelegenheit zu spielen &#8211; versuche aber immer auch den Score des Spielers zu ber\u00fccksichtigen.<\/p>\n\n\n\n<p>Immer wieder wird uns der Dualismus &#8222;Narativismus versus Gamismus&#8220; besch\u00e4ftigen. Denn wie kaum ein anderes System wird in Shadowrun immer wieder das Narrativ der Cyberpunk-Dystopie gebeugt, um dem Gamismus zu buckeln. Ist das schlimm? Nicht per se, aber die Spielleitung sollte ein waches Auge darauf haben und Konflikte wo es geht im Vorfeld ausr\u00e4umen, damit die Immersion erhalten bleibt.<\/p>\n\n\n\n<p>Einige Rubriken sollen den Podcast dauerhaft bereichern, zum Beispiel<\/p>\n\n\n\n<ol class=\"wp-block-list\"><li>das interaktive Shadowrun-H\u00f6rspiel:<br>Analog zu Spieleb\u00fcchern mit &#8222;Wenn du links gehen willst, lies Abschnitt &#8230;&#8220; m\u00f6chte ich zum Abschluss jeder Folge eine kleine Geschichte weiterspinnen, an deren Ende der Protagonist an eine Entscheidung gelangt. Die H\u00f6rer des Podcasts entscheiden durch Stimmabgabe oder eigene kreative Vorschl\u00e4ge, wie es weitergeht.<\/li><li>Ask me anything<br>Zu Beginn jeder Folge soll eine Frage der H\u00f6rerschaft beantwortet werden. Das kann eine Regelfrage sein, etwas zu Ver\u00f6ffentlichungen, Shadowrun-Historisches, den Metaplot betreffen oder einfach sonst was. Das ist nat\u00fcrlich nur m\u00f6glich, wenn ich von euch auch Fragen bekomme. Also haut raus!<\/li><li>my most memorizable\/awkward &#8230;<br>Wie jedes Rollenspiel lebt Shadowrun von diesen Momenten, die im Ged\u00e4chtnis bleiben. Dieser eine Run, ein NSC, ein Plot, ein Kampf, eine Situation am Spieltisch, eine Entscheidung der Spielleitung? Sendet mir eure Anekdoten und lasst uns gemeinsam \u00fcberlegen, was diesen Moment so besonders gemacht hat und wie man ihn reproduzieren oder vermeiden kann.<\/li><li>Rezensionen<br>Prinzipiell werde ich alles rezensieren, was mit dem System Shadowrun, dem Genre Cyberpunk oder Rollenspiel zu tun hat. Dabei ist es irrelevant, ob es sich um Fan Stuff oder offizielle Ver\u00f6ffentlichungen handelt, ob es Filme, Comics, H\u00f6rspiele, Supplements, Musik &#8230; handelt.<br>Solltest du etwas haben, was ich mir anschauen soll, dann melde dich einfach \u00fcber die angegebenen Kontakte.<\/li><li>Interviews<br>Nat\u00fcrlich abh\u00e4ngig davon, wer sich wann zu einem Interview zur Verf\u00fcgung stellt, m\u00f6chte ich auch andere Akteure zu Wort kommen lassen.<\/li><\/ol>\n\n\n\n<p>Hier geht es zur Folgen\u00fcbersicht:<\/p>\n\n\n\n<p> <a href=\"https:\/\/lordofthedices.de\/podcast\/\">https:\/\/lordofthedices.de\/podcast\/<\/a><\/p>\n","protected":false},"excerpt":{"rendered":"<div class=\"entry-summary\">\n&#8222;Schattenl\u00e4ufer&#8220; ist mein Podcast zum Thema Shadowrun. Nach meinem aktuellen Kenntnisstand ist der Schattenl\u00e4ufer der einzige, deutschsprachige Podcast zum Thema&hellip;\n<\/div>\n<div class=\"link-more\"><a href=\"https:\/\/lordofthedices.de\/?page_id=49\" class=\"more-link\">Continue reading<span class=\"screen-reader-text\"> &ldquo;Podcast Schattenl\u00e4ufer&rdquo;<\/span>&hellip;<\/a><\/div>\n","protected":false},"author":1,"featured_media":251,"parent":0,"menu_order":0,"comment_status":"closed","ping_status":"closed","template":"","meta":{"_acf_changed":false,"footnotes":""},"class_list":["post-49","page","type-page","status-publish","has-post-thumbnail","hentry","entry"],"acf":[],"jetpack-related-posts":[],"jetpack_sharing_enabled":true,"_links":{"self":[{"href":"https:\/\/lordofthedices.de\/index.php?rest_route=\/wp\/v2\/pages\/49","targetHints":{"allow":["GET"]}}],"collection":[{"href":"https:\/\/lordofthedices.de\/index.php?rest_route=\/wp\/v2\/pages"}],"about":[{"href":"https:\/\/lordofthedices.de\/index.php?rest_route=\/wp\/v2\/types\/page"}],"author":[{"embeddable":true,"href":"https:\/\/lordofthedices.de\/index.php?rest_route=\/wp\/v2\/users\/1"}],"replies":[{"embeddable":true,"href":"https:\/\/lordofthedices.de\/index.php?rest_route=%2Fwp%2Fv2%2Fcomments&post=49"}],"version-history":[{"count":10,"href":"https:\/\/lordofthedices.de\/index.php?rest_route=\/wp\/v2\/pages\/49\/revisions"}],"predecessor-version":[{"id":253,"href":"https:\/\/lordofthedices.de\/index.php?rest_route=\/wp\/v2\/pages\/49\/revisions\/253"}],"wp:featuredmedia":[{"embeddable":true,"href":"https:\/\/lordofthedices.de\/index.php?rest_route=\/wp\/v2\/media\/251"}],"wp:attachment":[{"href":"https:\/\/lordofthedices.de\/index.php?rest_route=%2Fwp%2Fv2%2Fmedia&parent=49"}],"curies":[{"name":"wp","href":"https:\/\/api.w.org\/{rel}","templated":true}]}}