{"id":21,"date":"2021-08-05T15:19:43","date_gmt":"2021-08-05T15:19:43","guid":{"rendered":"http:\/\/lordofthedices.de\/?page_id=21"},"modified":"2021-08-13T11:53:12","modified_gmt":"2021-08-13T11:53:12","slug":"earthdawn","status":"publish","type":"page","link":"https:\/\/lordofthedices.de\/?page_id=21","title":{"rendered":"Earthdawn"},"content":{"rendered":"\n<p>In Earthdawn haben sich die Bewohner der Welt in unterirdische Schutzr\u00e4ume, so genannte Kaire, zur\u00fcck gezogen, um dort w\u00e4hrend der Zeit der Plage, einer Invasion d\u00e4monischer Schrecken, auszuharren. Nun trauen sich die ersten Bewohner zur\u00fcck an die Oberfl\u00e4che. Einige Schrecken treiben noch ihr Unwesen auf der Erde. Einige Kaire haben die finstere Zeit nicht \u00fcberlebt, ob sie nun Feinden von Au\u00dfen oder Verr\u00e4tern von Innen zum Opfer fielen. Ihre Kaire liegen verlassen und Sch\u00e4tze und Legenden warten auf den Mutigen. Die Spieler \u00fcbernehmen die Rolle eines Adepten, eines von der Magie durchdrungenen Helden, der nun sein Schicksal in einer verw\u00fcsteten Welt voller Artefakte und Geheimnisse lenken kann. Wird er eine Randnotiz in der Geschichte Barsaives oder eine Legende, so dass die Nennung seines Namen allein schon Zauberwirkung hat?<\/p>\n\n\n\n<p>Earthdawn galt als &#8222;die Vergangenheit von Shadowrun&#8220;, was sich in manchen Magietheorien ablesen l\u00e4sst. Allein die fantastische Kampagne &#8222;Harlekins R\u00fcckkehr&#8220; ist es schon wert, sich mit Earthdawn zu befassen.<\/p>\n\n\n\n<pre class=\"wp-block-code\"><code>https:&#47;&#47;ulisses-spiele.de\/spielsysteme\/ed\/<\/code><\/pre>\n","protected":false},"excerpt":{"rendered":"<div class=\"entry-summary\">\nIn Earthdawn haben sich die Bewohner der Welt in unterirdische Schutzr\u00e4ume, so genannte Kaire, zur\u00fcck gezogen, um dort w\u00e4hrend der&hellip;\n<\/div>\n<div class=\"link-more\"><a href=\"https:\/\/lordofthedices.de\/?page_id=21\" class=\"more-link\">Continue reading<span class=\"screen-reader-text\"> &ldquo;Earthdawn&rdquo;<\/span>&hellip;<\/a><\/div>\n","protected":false},"author":1,"featured_media":0,"parent":0,"menu_order":0,"comment_status":"closed","ping_status":"closed","template":"","meta":{"_acf_changed":false,"footnotes":""},"class_list":["post-21","page","type-page","status-publish","hentry","entry"],"acf":[],"jetpack-related-posts":[],"jetpack_sharing_enabled":true,"_links":{"self":[{"href":"https:\/\/lordofthedices.de\/index.php?rest_route=\/wp\/v2\/pages\/21","targetHints":{"allow":["GET"]}}],"collection":[{"href":"https:\/\/lordofthedices.de\/index.php?rest_route=\/wp\/v2\/pages"}],"about":[{"href":"https:\/\/lordofthedices.de\/index.php?rest_route=\/wp\/v2\/types\/page"}],"author":[{"embeddable":true,"href":"https:\/\/lordofthedices.de\/index.php?rest_route=\/wp\/v2\/users\/1"}],"replies":[{"embeddable":true,"href":"https:\/\/lordofthedices.de\/index.php?rest_route=%2Fwp%2Fv2%2Fcomments&post=21"}],"version-history":[{"count":3,"href":"https:\/\/lordofthedices.de\/index.php?rest_route=\/wp\/v2\/pages\/21\/revisions"}],"predecessor-version":[{"id":124,"href":"https:\/\/lordofthedices.de\/index.php?rest_route=\/wp\/v2\/pages\/21\/revisions\/124"}],"wp:attachment":[{"href":"https:\/\/lordofthedices.de\/index.php?rest_route=%2Fwp%2Fv2%2Fmedia&parent=21"}],"curies":[{"name":"wp","href":"https:\/\/api.w.org\/{rel}","templated":true}]}}