{"id":18,"date":"2021-08-05T15:19:43","date_gmt":"2021-08-05T15:19:43","guid":{"rendered":"http:\/\/lordofthedices.de\/?page_id=18"},"modified":"2021-08-06T10:48:14","modified_gmt":"2021-08-06T10:48:14","slug":"shadowrun","status":"publish","type":"page","link":"https:\/\/lordofthedices.de\/?page_id=18","title":{"rendered":"Shadowrun"},"content":{"rendered":"\n<p>Das Setting Shadowrun vereinigt die dystopische Zukunftsvision des Cyberpunk mit Elementen der Fantasy.<br>Staaten haben keine Bedeutung mehr, Konzerne haben ihre Macht auf alle Aspekte des Lebens ausgedehnt. Der brave B\u00fcrger wird in einem Konzernkrankenhaus geboren, geht auf eine konzernfinanzierte Schule, bekommt einen Job im Konzern, datet andere B\u00fcrger des Konzerns und kauft Produkte des Konzerns. Schlussendlich wird er im konzerneigenen Krematorium verbrannt. Der ewige Kreis des Lebens. All dies ist effizient verwaltet in einem weltweiten Informations- und \u00dcberwachungsnetz, der Matrix.<br>Effizienz ist das Stichwort f\u00fcr alle Lebenslagen. Um besser mit der Datenflut zurecht zu kommen, gibt es Cyberbuchsen, die das Hirn des Rezipienten direkt mit der Matrix koppeln k\u00f6nnen. Andere nutzen die Technologie der Cyberware f\u00fcr mehr Leistung, Kraft und Schnelligkeit.<br>Die Spieler \u00fcbernehmen die Rolle eines Shadowrunners, Leute, die wie Geister in den Schatten der Konzernfestungen lauern. Diese Gesetzlosen sind durch widrige Umst\u00e4nde oder durch eigene Entscheidung durch das Raster des Systems geschl\u00fcpft und haben keine System-Identifikationsnummer (kurz SIN). Konzerne heuern diese anonymen Kr\u00e4fte an, um illegale Aktivit\u00e4ten zu erledigen, ohne dabei zur\u00fcckverfolgter zu sein. Und keinen k\u00fcmmert es, wenn sie draufgehen. Keine SIN, kein Problem!<br>Doch Probleme gibt es genug. Die Magie ist zur\u00fcck! Geister beseelen Fl\u00fcsse und W\u00e4lder, Drachen sind aus ihrem tausendj\u00e4hrigen Schlaf erwacht und mischen m\u00e4chtig mit, als Chef eines Megakonzerns oder gar als Pr\u00e4sident. Und auch die Menschheit hat sich ver\u00e4ndert. Subtypen aus den Sagen und Legenden sind entstanden, riesige Trolle, elegante Elfen oder robuste Zwerge und Orks.<\/p>\n","protected":false},"excerpt":{"rendered":"<div class=\"entry-summary\">\nDas Setting Shadowrun vereinigt die dystopische Zukunftsvision des Cyberpunk mit Elementen der Fantasy.Staaten haben keine Bedeutung mehr, Konzerne haben ihre&hellip;\n<\/div>\n<div class=\"link-more\"><a href=\"https:\/\/lordofthedices.de\/?page_id=18\" class=\"more-link\">Continue reading<span class=\"screen-reader-text\"> &ldquo;Shadowrun&rdquo;<\/span>&hellip;<\/a><\/div>\n","protected":false},"author":1,"featured_media":0,"parent":0,"menu_order":0,"comment_status":"closed","ping_status":"closed","template":"","meta":{"_acf_changed":false,"footnotes":""},"class_list":["post-18","page","type-page","status-publish","hentry","entry"],"acf":[],"jetpack-related-posts":[],"jetpack_sharing_enabled":true,"_links":{"self":[{"href":"https:\/\/lordofthedices.de\/index.php?rest_route=\/wp\/v2\/pages\/18","targetHints":{"allow":["GET"]}}],"collection":[{"href":"https:\/\/lordofthedices.de\/index.php?rest_route=\/wp\/v2\/pages"}],"about":[{"href":"https:\/\/lordofthedices.de\/index.php?rest_route=\/wp\/v2\/types\/page"}],"author":[{"embeddable":true,"href":"https:\/\/lordofthedices.de\/index.php?rest_route=\/wp\/v2\/users\/1"}],"replies":[{"embeddable":true,"href":"https:\/\/lordofthedices.de\/index.php?rest_route=%2Fwp%2Fv2%2Fcomments&post=18"}],"version-history":[{"count":2,"href":"https:\/\/lordofthedices.de\/index.php?rest_route=\/wp\/v2\/pages\/18\/revisions"}],"predecessor-version":[{"id":103,"href":"https:\/\/lordofthedices.de\/index.php?rest_route=\/wp\/v2\/pages\/18\/revisions\/103"}],"wp:attachment":[{"href":"https:\/\/lordofthedices.de\/index.php?rest_route=%2Fwp%2Fv2%2Fmedia&parent=18"}],"curies":[{"name":"wp","href":"https:\/\/api.w.org\/{rel}","templated":true}]}}