{"id":17,"date":"2021-08-05T15:19:43","date_gmt":"2021-08-05T15:19:43","guid":{"rendered":"http:\/\/lordofthedices.de\/?page_id=17"},"modified":"2021-08-05T16:03:15","modified_gmt":"2021-08-05T16:03:15","slug":"spielleitung","status":"publish","type":"page","link":"https:\/\/lordofthedices.de\/?page_id=17","title":{"rendered":"Spielleitung"},"content":{"rendered":"\n<p>Ja, ich bin k\u00e4uflich!<\/p>\n\n\n\n<p>Das bedeutet, wenn du und m\u00f6chtest, kannst du mich gerne f\u00fcr deine Runde als Spielleitung buchen. Einen One-Shot in einem der Systeme ist quasi jederzeit m\u00f6glich. L\u00e4ngere Kampagnen m\u00fcssen individuell besprochen werden.<\/p>\n\n\n\n<p>Auch Systeme, die ich bislang noch nicht anbiete, sind denkbar. Die exakten Modalit\u00e4ten kl\u00e4ren wir per Mail oder im pers\u00f6nlichen Gespr\u00e4ch. Nutze bitte die Kontaktm\u00f6glichkeiten dieser Seite.<\/p>\n","protected":false},"excerpt":{"rendered":"<div class=\"entry-summary\">\nJa, ich bin k\u00e4uflich! Das bedeutet, wenn du und m\u00f6chtest, kannst du mich gerne f\u00fcr deine Runde als Spielleitung buchen.&hellip;\n<\/div>\n<div class=\"link-more\"><a href=\"https:\/\/lordofthedices.de\/?page_id=17\" class=\"more-link\">Continue reading<span class=\"screen-reader-text\"> &ldquo;Spielleitung&rdquo;<\/span>&hellip;<\/a><\/div>\n","protected":false},"author":1,"featured_media":0,"parent":0,"menu_order":0,"comment_status":"closed","ping_status":"closed","template":"","meta":{"_acf_changed":false,"footnotes":""},"class_list":["post-17","page","type-page","status-publish","hentry","entry"],"acf":[],"jetpack-related-posts":[],"jetpack_sharing_enabled":true,"_links":{"self":[{"href":"https:\/\/lordofthedices.de\/index.php?rest_route=\/wp\/v2\/pages\/17","targetHints":{"allow":["GET"]}}],"collection":[{"href":"https:\/\/lordofthedices.de\/index.php?rest_route=\/wp\/v2\/pages"}],"about":[{"href":"https:\/\/lordofthedices.de\/index.php?rest_route=\/wp\/v2\/types\/page"}],"author":[{"embeddable":true,"href":"https:\/\/lordofthedices.de\/index.php?rest_route=\/wp\/v2\/users\/1"}],"replies":[{"embeddable":true,"href":"https:\/\/lordofthedices.de\/index.php?rest_route=%2Fwp%2Fv2%2Fcomments&post=17"}],"version-history":[{"count":2,"href":"https:\/\/lordofthedices.de\/index.php?rest_route=\/wp\/v2\/pages\/17\/revisions"}],"predecessor-version":[{"id":91,"href":"https:\/\/lordofthedices.de\/index.php?rest_route=\/wp\/v2\/pages\/17\/revisions\/91"}],"wp:attachment":[{"href":"https:\/\/lordofthedices.de\/index.php?rest_route=%2Fwp%2Fv2%2Fmedia&parent=17"}],"curies":[{"name":"wp","href":"https:\/\/api.w.org\/{rel}","templated":true}]}}