{"id":143,"date":"2021-08-22T10:51:50","date_gmt":"2021-08-22T10:51:50","guid":{"rendered":"http:\/\/lordofthedices.de\/?page_id=143"},"modified":"2021-09-16T16:59:04","modified_gmt":"2021-09-16T16:59:04","slug":"exoten","status":"publish","type":"page","link":"https:\/\/lordofthedices.de\/?page_id=143","title":{"rendered":"Exoten"},"content":{"rendered":"\n<p>Es gibt ein paar tolle Spiele, die leider nie so richtig in Fahrt kamen, deren Zeit des Ruhmes viel zu schnell vergingen oder die keine harten Kampagnenspiele sind. Diese Exoten pflege ich in meinen gesch\u00fctzten Habitat und f\u00fchre immer wieder Interessierte an diese zarten Pfl\u00e4nzling heran.<\/p>\n\n\n\n<p>Genannt sei hier das fantastische Engel. Dieses &#8222;System&#8220; (in der damaligen Version) verwendete Tarot-Karten f\u00fcr &#8222;Proben&#8220;, die der Spieler\/Spielleiter interpretieren musste. Doch das wirklich fantastische an Engel ist das Setting, \u00fcber das man kaum etwas sagen kann, ohne zu spoilern. So viel sei gesagt: Krankheiten und Katastrophen brachen \u00fcber die Erde hinein und warfen die Welt in eine Art finsteres Mittelalter zur\u00fcck. Trost spendet die Angelitische Kirche, deren Engel in Gestalt von Kindern als seine Sendboten auf Erden wirken. Die Spieler schl\u00fcpfen in die Rolle eines Engels und bilden eine Schar, die im Namen des Herrn durch das zerst\u00f6rte Europa reisen, um Ketzer oder Gesandte des Herrn der Fliegen zu bek\u00e4mpfen.<\/p>\n\n\n\n<p>Ebenfalls ein Klassiker ist &#8222;Hero Wars&#8220; oder &#8211; wie es in sp\u00e4teren Ver\u00f6ffentlichungen hie\u00df &#8211; &#8222;Hero Quest&#8220;, welches rein gar nichts mit dem Brettspiel von MB zu tun hat. Vielmehr ist dieses schlichte und etwas aus der Zeit gefallene System f\u00fcr die Hintergrundwelt Glorantha ma\u00dfgeschneidert. Neben der Tatsache, dass diese mystische Welt fast keine tolkienesken Einfl\u00fcsse aufweist, wurde Hero Wars\/Hero Quest von Robin D. Laws als narrativistisches System parallel zu Rune Quest entwickelt.<\/p>\n\n\n\n<p>Im Block der &#8222;Bier&amp;Brezel&#8220;-Spiele pflege ich einen relativ vollst\u00e4ndigen Satz B\u00fccher zu Paranoia, das nicht minder bierlaunige &#8222;Tales from the Floating vagabond&#8220; und selbstverst\u00e4ndlich ein verwahrlostes &#8222;Pl\u00fcsch, Power &amp; Plunder&#8220;.<\/p>\n\n\n\n<p>Auch vieles aus Myranor und Tharun (Schwertmeister des Schwarzen Auges) sind noch im Bestand und fristen ein vom Menschen zur\u00fcckgezogenes Dasein ohne Spieler&#8230;<\/p>\n\n\n\n<p>Wenn ihr Exoten habt, denen ihr ein Habitat zukommen lassen wollt, ich nehme sie gerne in Pflege. Mail an mich!<\/p>\n","protected":false},"excerpt":{"rendered":"<div class=\"entry-summary\">\nEs gibt ein paar tolle Spiele, die leider nie so richtig in Fahrt kamen, deren Zeit des Ruhmes viel zu&hellip;\n<\/div>\n<div class=\"link-more\"><a href=\"https:\/\/lordofthedices.de\/?page_id=143\" class=\"more-link\">Continue reading<span class=\"screen-reader-text\"> &ldquo;Exoten&rdquo;<\/span>&hellip;<\/a><\/div>\n","protected":false},"author":1,"featured_media":0,"parent":0,"menu_order":0,"comment_status":"closed","ping_status":"closed","template":"","meta":{"_acf_changed":false,"footnotes":""},"class_list":["post-143","page","type-page","status-publish","hentry","entry"],"acf":[],"jetpack-related-posts":[],"jetpack_sharing_enabled":true,"_links":{"self":[{"href":"https:\/\/lordofthedices.de\/index.php?rest_route=\/wp\/v2\/pages\/143","targetHints":{"allow":["GET"]}}],"collection":[{"href":"https:\/\/lordofthedices.de\/index.php?rest_route=\/wp\/v2\/pages"}],"about":[{"href":"https:\/\/lordofthedices.de\/index.php?rest_route=\/wp\/v2\/types\/page"}],"author":[{"embeddable":true,"href":"https:\/\/lordofthedices.de\/index.php?rest_route=\/wp\/v2\/users\/1"}],"replies":[{"embeddable":true,"href":"https:\/\/lordofthedices.de\/index.php?rest_route=%2Fwp%2Fv2%2Fcomments&post=143"}],"version-history":[{"count":2,"href":"https:\/\/lordofthedices.de\/index.php?rest_route=\/wp\/v2\/pages\/143\/revisions"}],"predecessor-version":[{"id":156,"href":"https:\/\/lordofthedices.de\/index.php?rest_route=\/wp\/v2\/pages\/143\/revisions\/156"}],"wp:attachment":[{"href":"https:\/\/lordofthedices.de\/index.php?rest_route=%2Fwp%2Fv2%2Fmedia&parent=143"}],"curies":[{"name":"wp","href":"https:\/\/api.w.org\/{rel}","templated":true}]}}