{"id":136,"date":"2021-08-22T10:41:41","date_gmt":"2021-08-22T10:41:41","guid":{"rendered":"http:\/\/lordofthedices.de\/?page_id=136"},"modified":"2023-09-21T21:52:57","modified_gmt":"2023-09-21T21:52:57","slug":"projektuebersicht","status":"publish","type":"page","link":"https:\/\/lordofthedices.de\/?page_id=136","title":{"rendered":"Projekt\u00fcbersicht"},"content":{"rendered":"\n<p>Wer lange genug im Hobby Rollenspiel unterwegs ist, der sammelt in seinen Ordnern diverse Projekte &#8211; teils vollendet, in der Beta-Phase, begonnen und nicht weiter gemacht oder nur als wage Skizze! Hier m\u00f6chte ich euch einige davon vorstellen.<\/p>\n\n\n\n<p>Der Podcast &#8222;Schattenl\u00e4ufer&#8220; zum Themenkomplex Shadowrun (Cyberpunk, Science Fantasy, Rollenspiel) ist nat\u00fcrlich nie fertig und soll kontinuierlich verbessert und erweitert werden. Geplant ist im Moment w\u00f6chentlich eine Folge.<\/p>\n\n\n\n<p>Die Romane sind zu einem kleinen Teil fertig, das meiste davon wird aber sporadisch vorangetrieben, wie ich Zeit und Lust habe.<\/p>\n\n\n\n<p>Das System &#8222;Sirosys&#8220; ist &#8222;so wie es ist&#8220;, also quasi fertig, wie ich es haben m\u00f6chte. Klar, man kann\/k\u00f6nnte weitere Regeln zuf\u00fcgen und hin und her diskutieren, da das System aber mittlerweile nur noch eine Finger\u00fcbung f\u00fcr mich ist und nicht (mehr) zur Ver\u00f6ffentlichung vorgesehen ist, flie\u00dft hier keine weitere Zeit und Energie hinein.<\/p>\n\n\n\n<p>Die Settings werden fortgeschrieben, wie ich es f\u00fcr meine Romane brauche. De facto sind die Settings also quasi Wissenssammlungen zu den Welten der Romane, nur eben mit rollenspielerischen Aspekten und Orientierungswerten versehen.<\/p>\n\n\n\n<p>Nicht ungenannt soll unser Verlag bleiben, der Polyfeder Verlag. Hier hat sich eine Bande von Idealisten unter dem Banner eines Kleinverlages versammelt, um gemeinsam die bislang unbeleuchteten Ecken der Hobbys Fantastik, Nerdism, Rollenspiel und dem ganze Rest mit Licht erf\u00fcllt &#8211; teilweise. Wenn du nun denkst, dass hier genau deine Chance w\u00e4re, etwas zu verwirklichen, dann hast du Recht. Z\u00f6gere nicht, mich anzuschreiben.<\/p>\n","protected":false},"excerpt":{"rendered":"<div class=\"entry-summary\">\nWer lange genug im Hobby Rollenspiel unterwegs ist, der sammelt in seinen Ordnern diverse Projekte &#8211; teils vollendet, in der&hellip;\n<\/div>\n<div class=\"link-more\"><a href=\"https:\/\/lordofthedices.de\/?page_id=136\" class=\"more-link\">Continue reading<span class=\"screen-reader-text\"> &ldquo;Projekt\u00fcbersicht&rdquo;<\/span>&hellip;<\/a><\/div>\n","protected":false},"author":1,"featured_media":0,"parent":0,"menu_order":0,"comment_status":"closed","ping_status":"closed","template":"","meta":{"_acf_changed":false,"footnotes":""},"class_list":["post-136","page","type-page","status-publish","hentry","entry"],"acf":[],"jetpack-related-posts":[],"jetpack_sharing_enabled":true,"_links":{"self":[{"href":"https:\/\/lordofthedices.de\/index.php?rest_route=\/wp\/v2\/pages\/136","targetHints":{"allow":["GET"]}}],"collection":[{"href":"https:\/\/lordofthedices.de\/index.php?rest_route=\/wp\/v2\/pages"}],"about":[{"href":"https:\/\/lordofthedices.de\/index.php?rest_route=\/wp\/v2\/types\/page"}],"author":[{"embeddable":true,"href":"https:\/\/lordofthedices.de\/index.php?rest_route=\/wp\/v2\/users\/1"}],"replies":[{"embeddable":true,"href":"https:\/\/lordofthedices.de\/index.php?rest_route=%2Fwp%2Fv2%2Fcomments&post=136"}],"version-history":[{"count":4,"href":"https:\/\/lordofthedices.de\/index.php?rest_route=\/wp\/v2\/pages\/136\/revisions"}],"predecessor-version":[{"id":707,"href":"https:\/\/lordofthedices.de\/index.php?rest_route=\/wp\/v2\/pages\/136\/revisions\/707"}],"wp:attachment":[{"href":"https:\/\/lordofthedices.de\/index.php?rest_route=%2Fwp%2Fv2%2Fmedia&parent=136"}],"curies":[{"name":"wp","href":"https:\/\/api.w.org\/{rel}","templated":true}]}}