{"id":12,"date":"2021-08-05T15:19:43","date_gmt":"2021-08-05T15:19:43","guid":{"rendered":"http:\/\/lordofthedices.de\/?page_id=12"},"modified":"2021-11-29T13:42:07","modified_gmt":"2021-11-29T13:42:07","slug":"ueber-uns","status":"publish","type":"page","link":"https:\/\/lordofthedices.de\/?page_id=12","title":{"rendered":"\u00dcber mich"},"content":{"rendered":"\n<p>Mein Name ist Michael Grassl. Ich bin Stand 2021 zarte 43 Jahre alt, bin verheiratet und habe 3 S\u00f6hne.<br><br>Seti 1988 spiele ich Rollenspiele &#8211; oder eher: betreibe ich Rollenspiele, den selbst Spielen kann ich kaum mehr!<br>Begonnen hat dieser &#8222;Lifestyle&#8220; &#8211; denn Rollenspiel ist mehr als ein Hobby und pr\u00e4gt die meisten Spieler dauerhaft &#8211; damit, dass mein Freund im Spielwarenhandel eine komische, schwarze Box mit der Aufschrift &#8222;Abenteuer Basis Spiel&#8220; entdeckt hatte und diese aus Neugier gekauft hatte. Die Insider wissen l\u00e4ngst, es handelte sich um die erste Auflage des &#8222;Schwarzen Auges&#8220; von Schmidt Spiele. &#8222;Das musst du mal mit mir spielen, Micha!&#8220; lie\u00df er mich wissen und kurz darauf hatte ich meinen ersten Charakter. Schnell wurden weitere Mitspieler rekrutiert, zu damaligen Zeiten nat\u00fcrlich aus dem Kreis der Klassenkameraden und Geschwister. So spielte mein Bruder auch sporadisch bei uns mit, aber er hatte auch eine weitere Runde mit seinen Klassenkameraden. &#8222;Shadowrun 2.01D&#8220; hie\u00df das System und Kerle mit Knarren zierten das Cover. Nach anf\u00e4nglichen Ber\u00fchrungs\u00e4ngsten lie\u00dfen wir uns darauf ein. Aus zwei Runden mit einem System wurde eine Runde mit zwei Systemen. Die Spielleitung von Shadowrun f\u00fchrte uns aus der Spielwarenabteilung in die geheime Welt des Rollenspielladens ein. Und als die T\u00fcr schon mal offen war &#8230; wem sage ich das?!?<br>Damals hatten wir noch alle Zeit der Welt und wir probierten alles, was uns vor die W\u00fcrfel kam. Unter anderem probierte ich mich als Spielleiter und fand gefallen daran. Doch das Leben nimmt seinen Lauf, die unbeschwerte Zeit der Jugend geht, aus Sch\u00fclern werden Studenten, Zeit wird rar und rarer. Zwar haben wir heldenhaft dagegen angek\u00e4mpft, aber die Runden zerbrachen. H\u00e4tte ich nicht das Gl\u00fcck gehabt, dass meine damalige Freundin, heutige Frau ebenfalls diesem wundersch\u00f6nen Hobby fr\u00f6nte, w\u00e4re vielleicht auch schon alles vorbei gewesen.<\/p>\n\n\n\n<p>Inzwischen spielen wir mit den beiden \u00e4lteren S\u00f6hnen Rollenspiele. Die Flamme wurde weiter gereicht!<\/p>\n\n\n\n<p>Auch einige Getreuen aus der Zeit des Studiums sind noch\/wieder mit dabei. Zwar seltener, aber immer noch mit viel Begeisterung trifft man sich &#8211; auf Grund von Corona und gro\u00dfen Entfernungen meist virtuell &#8211; um gemeinsam das Kopfkino anzuwerfen.<br>Aktuell betreue ich als Spielleiter Kampagnen in den Systemen Numenera, 7te See, Star Wars und zwei Runden Shadowrun, sowie drei One-on-One-Kampagnen. Weitere Schmankerl in meinen Archiven sind Ars Magica, Paranoia, Tales from the Floating Vagabond, Pl\u00fcsch, Power und Plunder, DSA &amp; Myranor (Stand Version 3\/4), Hero Wars (das Rollenspiel zur Welt Glorantha), Engel, Earthdawn und Splittermond. Nicht ungenannt werden soll mein eigenes System Sirosys und meine eigenen Kampagnenwelten, von denen aber nur die &#8222;erwachten Welten&#8220; sinnvoll ausgearbeitet sind. In den erwachten Welten spielen auch drei meiner dreizehn Romane.<\/p>\n\n\n\n<p>Du willst mehr wissen? Z\u00f6gere nicht, mich zu kontaktieren!<\/p>\n\n\n\n<p>Du bist einer der Menschen, die daf\u00fcr sorgen wollen, dass Menschen wie ich weiter Dinge machen k\u00f6nnen, die Menschen wie du gerne Lesen\/H\u00f6ren\/Spielen? dann kannst du mir gerne auf Ko-Fi unter lordofthedices einen Kaffee spendieren.<\/p>\n\n\n\n<p><a href=\"https:\/\/t.co\/P6LlWZatFq?amp=1\" rel=\"noreferrer noopener\" target=\"_blank\">http:\/\/linktr.ee\/Michael_grassl<\/a><\/p>\n","protected":false},"excerpt":{"rendered":"<div class=\"entry-summary\">\nMein Name ist Michael Grassl. Ich bin Stand 2021 zarte 43 Jahre alt, bin verheiratet und habe 3 S\u00f6hne. Seti&hellip;\n<\/div>\n<div class=\"link-more\"><a href=\"https:\/\/lordofthedices.de\/?page_id=12\" class=\"more-link\">Continue reading<span class=\"screen-reader-text\"> &ldquo;\u00dcber mich&rdquo;<\/span>&hellip;<\/a><\/div>\n","protected":false},"author":1,"featured_media":0,"parent":0,"menu_order":0,"comment_status":"closed","ping_status":"closed","template":"page-template\/_sidebar.php","meta":{"_acf_changed":false,"footnotes":""},"class_list":["post-12","page","type-page","status-publish","hentry","entry"],"acf":[],"jetpack-related-posts":[],"jetpack_sharing_enabled":true,"_links":{"self":[{"href":"https:\/\/lordofthedices.de\/index.php?rest_route=\/wp\/v2\/pages\/12","targetHints":{"allow":["GET"]}}],"collection":[{"href":"https:\/\/lordofthedices.de\/index.php?rest_route=\/wp\/v2\/pages"}],"about":[{"href":"https:\/\/lordofthedices.de\/index.php?rest_route=\/wp\/v2\/types\/page"}],"author":[{"embeddable":true,"href":"https:\/\/lordofthedices.de\/index.php?rest_route=\/wp\/v2\/users\/1"}],"replies":[{"embeddable":true,"href":"https:\/\/lordofthedices.de\/index.php?rest_route=%2Fwp%2Fv2%2Fcomments&post=12"}],"version-history":[{"count":3,"href":"https:\/\/lordofthedices.de\/index.php?rest_route=\/wp\/v2\/pages\/12\/revisions"}],"predecessor-version":[{"id":289,"href":"https:\/\/lordofthedices.de\/index.php?rest_route=\/wp\/v2\/pages\/12\/revisions\/289"}],"wp:attachment":[{"href":"https:\/\/lordofthedices.de\/index.php?rest_route=%2Fwp%2Fv2%2Fmedia&parent=12"}],"curies":[{"name":"wp","href":"https:\/\/api.w.org\/{rel}","templated":true}]}}